{"id":748,"date":"2018-09-04T16:48:30","date_gmt":"2018-09-04T14:48:30","guid":{"rendered":"http:\/\/groupe-authenticity.com\/?page_id=748"},"modified":"2019-08-27T11:23:47","modified_gmt":"2019-08-27T09:23:47","slug":"immobilier-dinard-les-hauts-de-saint-anne","status":"publish","type":"page","link":"https:\/\/groupe-authenticity.com\/index.php\/immobilier-neuf-st-malo\/immobilier-dinard-les-hauts-de-saint-anne\/","title":{"rendered":"DINARD &#8211; LES HAUTS DE SAINT-ANNE"},"content":{"rendered":"<p>[vc_row full_width=\u00a0\u00bbstretch_row_content_no_spaces\u00a0\u00bb content_placement=\u00a0\u00bbtop\u00a0\u00bb][vc_column][vc_single_image image=\u00a0\u00bb1197&Prime; img_size=\u00a0\u00bbfull\u00a0\u00bb alignment=\u00a0\u00bbcenter\u00a0\u00bb][\/vc_column][\/vc_row][vc_row full_width=\u00a0\u00bbstretch_row_content\u00a0\u00bb css=\u00a0\u00bb.vc_custom_1537185500673{padding-right: 0px !important;padding-left: 0px !important;}\u00a0\u00bb][vc_column][vc_custom_heading text=\u00a0\u00bbIMMOBILIER DINARD\u00a0\u00bb font_container=\u00a0\u00bbtag:h1|font_size:25|text_align:center|color:%23808080&Prime; use_theme_fonts=\u00a0\u00bbyes\u00a0\u00bb][vc_custom_heading text=\u00a0\u00bbLES HAUTS DE SAINT-ANNE\u00a0\u00bb font_container=\u00a0\u00bbtag:h1|font_size:25|text_align:center|color:%231fa6df\u00a0\u00bb use_theme_fonts=\u00a0\u00bbyes\u00a0\u00bb][vc_separator][vc_row_inner equal_height=\u00a0\u00bbyes\u00a0\u00bb content_placement=\u00a0\u00bbtop\u00a0\u00bb][vc_column_inner width=\u00a0\u00bb3\/4&Prime;][vc_single_image image=\u00a0\u00bb755&Prime; img_size=\u00a0\u00bblarge\u00a0\u00bb alignment=\u00a0\u00bbcenter\u00a0\u00bb][\/vc_column_inner][vc_column_inner width=\u00a0\u00bb1\/4&Prime;][vc_single_image image=\u00a0\u00bb754&Prime;][vc_single_image image=\u00a0\u00bb757&Prime;][\/vc_column_inner][\/vc_row_inner][\/vc_column][\/vc_row][vc_row full_width=\u00a0\u00bbstretch_row_content\u00a0\u00bb content_placement=\u00a0\u00bbmiddle\u00a0\u00bb css=\u00a0\u00bb.vc_custom_1535470048419{background-color: #f0f0f0 !important;}\u00a0\u00bb][vc_column width=\u00a0\u00bb1\/6&Prime;][\/vc_column][vc_column width=\u00a0\u00bb2\/3&Prime;][vc_custom_heading text=\u00a0\u00bbDESCRIPTION DU PROGRAMME\u00a0\u00bb font_container=\u00a0\u00bbtag:h3|font_size:20|text_align:center|color:%23575656&Prime; use_theme_fonts=\u00a0\u00bbyes\u00a0\u00bb][vc_separator color=\u00a0\u00bbcustom\u00a0\u00bb border_width=\u00a0\u00bb3&Prime; el_width=\u00a0\u00bb10&Prime; accent_color=\u00a0\u00bb#1fa6df\u00a0\u00bb][vc_column_text]<strong>IMMOBILIER DINARD<\/strong><\/p>\n<p style=\"text-align: justify;\">Situ\u00e9 en plein coeur de<a href=\"https:\/\/www.dinardemeraudetourisme.com\">\u00a0Dinard<\/a>, \u00e0 50 m\u00e8tres de la place du march\u00e9, et \u00e0 seulement 300m de la plage, succombez au charme de la r\u00e9sidence Les\u00a0Hauts de Saint-Anne.<\/p>\n<p style=\"text-align: justify;\">Cette ancienne \u00e9cole primaire a \u00e9t\u00e9 r\u00e9habilit\u00e9e en collaboration \u00e9troite avec\u00a0le cabinet d\u2019architectes\u00a0<a href=\"https:\/\/www.bachmann-associes.fr\/\">BACHMANN Associ\u00e9s<\/a><\/p>\n<p style=\"text-align: justify;\">R\u00e9sidence s\u00e9curis\u00e9e alliant le charme de l&rsquo;ancien et la modernit\u00e9 comprend14 logements allant du T3 au T5. De l\u2019architecture ext\u00e9rieure aux finitions int\u00e9rieures, Les\u00a0Hauts de Saint-Anneproposent des prestations hauts de gamme.<\/p>\n<p>&nbsp;<\/p>\n<h4><span style=\"color: #1fa6df;\"><strong>Une opportunit\u00e9 unique de vivre dans un cadre convoit\u00e9 !<a href=\"https:\/\/groupe-authenticity.com\/index.php\/contactez-nous\/\"> Contactez-nous<\/a> pour de plus amples informations !<\/strong><\/span><\/h4>\n<p>&nbsp;<\/p>\n<p><img decoding=\"async\" loading=\"lazy\" class=\"wp-image-839 size-medium aligncenter\" src=\"https:\/\/groupe-authenticity.com\/wp-content\/uploads\/2018\/09\/shutterstock_61965661WEB-300x156.jpg\" alt=\"Immobilier Dinard\" width=\"300\" height=\"156\" srcset=\"https:\/\/groupe-authenticity.com\/wp-content\/uploads\/2018\/09\/shutterstock_61965661WEB-300x156.jpg 300w, https:\/\/groupe-authenticity.com\/wp-content\/uploads\/2018\/09\/shutterstock_61965661WEB-768x398.jpg 768w, https:\/\/groupe-authenticity.com\/wp-content\/uploads\/2018\/09\/shutterstock_61965661WEB-600x311.jpg 600w, https:\/\/groupe-authenticity.com\/wp-content\/uploads\/2018\/09\/shutterstock_61965661WEB.jpg 850w\" sizes=\"(max-width: 300px) 100vw, 300px\" \/>[\/vc_column_text][\/vc_column][vc_column width=\u00a0\u00bb1\/6&Prime;][\/vc_column][\/vc_row][vc_row full_width=\u00a0\u00bbstretch_row_content\u00a0\u00bb content_placement=\u00a0\u00bbmiddle\u00a0\u00bb][vc_column width=\u00a0\u00bb1\/6&Prime;][\/vc_column][vc_column width=\u00a0\u00bb2\/3&Prime;][vc_custom_heading text=\u00a0\u00bbLOTS DISPONIBLES\u00a0\u00bb font_container=\u00a0\u00bbtag:h3|font_size:20|text_align:center|color:%23575656&Prime; use_theme_fonts=\u00a0\u00bbyes\u00a0\u00bb][vc_separator color=\u00a0\u00bbcustom\u00a0\u00bb border_width=\u00a0\u00bb3&Prime; el_width=\u00a0\u00bb10&Prime; accent_color=\u00a0\u00bb#1fa6df\u00a0\u00bb][vc_column_text]<\/p>\n<table style=\"height: 416px; margin-left: 30px;\" border=\"0\" width=\"547\" cellspacing=\"0\" cellpadding=\"0\">\n<colgroup>\n<col span=\"5\" width=\"65\" \/><\/colgroup>\n<tbody>\n<tr>\n<td class=\"xl64\" style=\"text-align: left;\" width=\"65\" height=\"16\"><strong>R\u00c9F\u00c9RENCE<\/strong><\/td>\n<td class=\"xl64\" style=\"text-align: center;\" width=\"65\"><strong>TYPE<\/strong><\/td>\n<td class=\"xl64\" style=\"text-align: left;\" width=\"65\"><strong>PI\u00c8CES<\/strong><\/td>\n<td class=\"xl64\" style=\"text-align: center;\" width=\"65\"><strong>SURFACE<\/strong><\/td>\n<td class=\"xl64\" style=\"text-align: center;\" width=\"65\"><\/td>\n<\/tr>\n<tr>\n<td class=\"xl65\" style=\"padding-left: 30px;\" height=\"16\">A001<\/td>\n<td class=\"xl65\" style=\"text-align: center;\">APPARTEMENT<\/td>\n<td class=\"xl65\" style=\"padding-left: 30px;\">T3<\/td>\n<td class=\"xl65\" style=\"text-align: center;\">80,91 m\u00b2<\/td>\n<td class=\"xl66\" style=\"padding-left: 30px;\">VENDU<\/td>\n<\/tr>\n<tr style=\"padding-left: 30px;\">\n<td class=\"xl65\" style=\"padding-left: 30px;\" height=\"16\">A002<\/td>\n<td class=\"xl65\" style=\"text-align: center;\">APPARTEMENT<\/td>\n<td class=\"xl65\" style=\"padding-left: 30px;\">T3<\/td>\n<td class=\"xl67\" style=\"text-align: center;\" align=\"right\">57,29\u00a0m\u00b2<\/td>\n<td class=\"xl67\" style=\"padding-left: 30px;\">VENDU<\/td>\n<\/tr>\n<tr style=\"padding-left: 30px;\">\n<td class=\"xl65\" style=\"padding-left: 30px;\" height=\"16\">A003<\/td>\n<td class=\"xl65\" style=\"text-align: center;\">APPARTEMENT<\/td>\n<td class=\"xl65\" style=\"padding-left: 30px;\">T3<\/td>\n<td class=\"xl67\" style=\"text-align: center;\" align=\"right\">64,19\u00a0m\u00b2<\/td>\n<td class=\"xl67\" style=\"padding-left: 30px;\">VENDU<\/td>\n<\/tr>\n<tr style=\"padding-left: 30px;\">\n<td class=\"xl65\" style=\"padding-left: 30px;\" height=\"16\">A101<\/td>\n<td class=\"xl65\" style=\"text-align: center;\">APPARTEMENT<\/td>\n<td class=\"xl65\" style=\"padding-left: 30px;\">T3<\/td>\n<td style=\"text-align: center;\" align=\"right\">65,96\u00a0m\u00b2<\/td>\n<td style=\"padding-left: 30px;\">VENDU<\/td>\n<\/tr>\n<tr style=\"padding-left: 30px;\">\n<td class=\"xl65\" style=\"padding-left: 30px;\" height=\"16\">A102<\/td>\n<td class=\"xl65\" style=\"text-align: center;\">APPARTEMENT<\/td>\n<td class=\"xl65\" style=\"padding-left: 30px;\">T3<\/td>\n<td style=\"text-align: center;\" align=\"right\">84,11\u00a0m\u00b2<\/td>\n<td style=\"padding-left: 30px;\">VENDU<\/td>\n<\/tr>\n<tr style=\"padding-left: 30px;\">\n<td class=\"xl65\" style=\"padding-left: 30px;\" height=\"16\">A103<\/td>\n<td class=\"xl65\" style=\"text-align: center;\">APPARTEMENT<\/td>\n<td class=\"xl65\" style=\"padding-left: 30px;\">T3<\/td>\n<td style=\"text-align: center;\" align=\"right\">57,35\u00a0m\u00b2<\/td>\n<td style=\"padding-left: 30px;\">VENDU<\/td>\n<\/tr>\n<tr style=\"padding-left: 30px;\">\n<td class=\"xl65\" style=\"padding-left: 30px;\" height=\"16\">A104<\/td>\n<td class=\"xl65\" style=\"text-align: center;\">APPARTEMENT<\/td>\n<td class=\"xl65\" style=\"padding-left: 30px;\">T3<\/td>\n<td style=\"text-align: center;\" align=\"right\">64,41\u00a0m\u00b2<\/td>\n<td style=\"padding-left: 30px;\">VENDU<\/td>\n<\/tr>\n<tr style=\"padding-left: 30px;\">\n<td class=\"xl65\" style=\"padding-left: 30px;\" height=\"16\">A201<\/td>\n<td class=\"xl65\" style=\"text-align: center;\">APPARTEMENT<\/td>\n<td class=\"xl65\" style=\"padding-left: 30px;\">T4<\/td>\n<td style=\"text-align: center;\" align=\"right\">127,89\u00a0m\u00b2<\/td>\n<td style=\"padding-left: 30px;\">VENDU<\/td>\n<\/tr>\n<tr style=\"padding-left: 30px;\">\n<td class=\"xl65\" style=\"padding-left: 30px;\" height=\"16\">A202<\/td>\n<td class=\"xl65\" style=\"text-align: center;\">APPARTEMENT<\/td>\n<td class=\"xl65\" style=\"padding-left: 30px;\">T3<\/td>\n<td style=\"text-align: center;\" align=\"right\">85,37\u00a0m\u00b2<\/td>\n<td style=\"padding-left: 30px;\">VENDU<\/td>\n<\/tr>\n<tr style=\"padding-left: 30px;\">\n<td class=\"xl65\" style=\"padding-left: 30px;\" height=\"16\">A203<\/td>\n<td class=\"xl65\" style=\"text-align: center;\">APPARTEMENT<\/td>\n<td class=\"xl65\" style=\"padding-left: 30px;\">T3<\/td>\n<td style=\"text-align: center;\" align=\"right\">57,64\u00a0m\u00b2<\/td>\n<td style=\"padding-left: 30px;\">VENDU<\/td>\n<\/tr>\n<tr style=\"padding-left: 30px;\">\n<td class=\"xl65\" style=\"padding-left: 30px;\" height=\"16\">A205<\/td>\n<td class=\"xl65\" style=\"text-align: center;\">APPARTEMENT<\/td>\n<td class=\"xl65\" style=\"padding-left: 30px;\">T3<\/td>\n<td style=\"text-align: center;\" align=\"right\">64,49\u00a0m\u00b2<\/td>\n<td style=\"padding-left: 30px;\">VENDU<\/td>\n<\/tr>\n<tr style=\"padding-left: 30px;\">\n<td class=\"xl65\" style=\"padding-left: 30px;\" height=\"16\">A301<\/td>\n<td class=\"xl65\" style=\"text-align: center;\">APPARTEMENT<\/td>\n<td class=\"xl65\" style=\"padding-left: 30px;\">T5<\/td>\n<td style=\"text-align: center;\" align=\"right\">149,16\u00a0m\u00b2<\/td>\n<td style=\"padding-left: 30px;\">VENDU<\/td>\n<\/tr>\n<tr style=\"padding-left: 30px;\">\n<td class=\"xl65\" style=\"padding-left: 30px;\" height=\"16\">A302<\/td>\n<td class=\"xl65\" style=\"text-align: center;\">APPARTEMENT<\/td>\n<td class=\"xl65\" style=\"padding-left: 30px;\">T4<\/td>\n<td style=\"text-align: center;\" align=\"right\">127,68\u00a0m\u00b2<\/td>\n<td style=\"padding-left: 30px;\">VENDU<\/td>\n<\/tr>\n<tr style=\"padding-left: 30px;\">\n<td class=\"xl65\" style=\"padding-left: 30px;\" height=\"16\">A401<\/td>\n<td class=\"xl65\" style=\"text-align: center;\">APPARTEMENT<\/td>\n<td class=\"xl65\" style=\"padding-left: 30px;\">T4<\/td>\n<td style=\"text-align: center;\" align=\"right\">99,3\u00a0m\u00b2<\/td>\n<td style=\"padding-left: 30px;\">VENDU<\/td>\n<\/tr>\n<\/tbody>\n<\/table>\n<p>[\/vc_column_text][\/vc_column][vc_column width=\u00a0\u00bb1\/6&Prime;][\/vc_column][\/vc_row][vc_row full_width=\u00a0\u00bbstretch_row_content\u00a0\u00bb content_placement=\u00a0\u00bbmiddle\u00a0\u00bb][vc_column][vc_custom_heading text=\u00a0\u00bbLOCALISATION\u00a0\u00bb font_container=\u00a0\u00bbtag:h3|font_size:20|text_align:center|color:%23575656&Prime; use_theme_fonts=\u00a0\u00bbyes\u00a0\u00bb][vc_gmaps link=\u00a0\u00bb#E-8_JTNDaWZyYW1lJTIwc3JjJTNEJTIyaHR0cHMlM0ElMkYlMkZ3d3cuZ29vZ2xlLmNvbSUyRm1hcHMlMkZlbWJlZCUzRnBiJTNEJTIxMW0xOCUyMTFtMTIlMjExbTMlMjExZDI2MzYuOTIxODA3NTAzMTg1JTIxMmQtMi4wNTk5Njk5ODQ2Njc2MjIzJTIxM2Q0OC42MzA0NzgzMjQ2ODE2JTIxMm0zJTIxMWYwJTIxMmYwJTIxM2YwJTIxM20yJTIxMWkxMDI0JTIxMmk3NjglMjE0ZjEzLjElMjEzbTMlMjExbTIlMjExczB4NDgwZTgwYzgwOWVlYjliNyUyNTNBMHhhOTg3MzdiNjNkYzRiN2QxJTIxMnMyNCUyQlJ1ZSUyQkVtaWxlJTJCQmFyYSUyNTJDJTJCMzU4MDAlMkJEaW5hcmQlMjE1ZTAlMjEzbTIlMjExc2ZyJTIxMnNmciUyMTR2MTUzNjg2NzEyNTM5NSUyMiUyMHdpZHRoJTNEJTIyNjAwJTIyJTIwaGVpZ2h0JTNEJTIyNDUwJTIyJTIwZnJhbWVib3JkZXIlM0QlMjIwJTIyJTIwc3R5bGUlM0QlMjJib3JkZXIlM0EwJTIyJTIwYWxsb3dmdWxsc2NyZWVuJTNFJTNDJTJGaWZyYW1lJTNF\u00a0\u00bb][\/vc_column][\/vc_row]<\/p>\n","protected":false},"excerpt":{"rendered":"<p>[vc_row full_width=\u00a0\u00bbstretch_row_content_no_spaces\u00a0\u00bb content_placement=\u00a0\u00bbtop\u00a0\u00bb][vc_column][vc_single_image image=\u00a0\u00bb1197&Prime; img_size=\u00a0\u00bbfull\u00a0\u00bb alignment=\u00a0\u00bbcenter\u00a0\u00bb][\/vc_column][\/vc_row][vc_row full_width=\u00a0\u00bbstretch_row_content\u00a0\u00bb css=\u00a0\u00bb.vc_custom_1537185500673{padding-right: 0px !important;padding-left: 0px !important;}\u00a0\u00bb][vc_column][vc_custom_heading text=\u00a0\u00bbIMMOBILIER DINARD\u00a0\u00bb font_container=\u00a0\u00bbtag:h1|font_size:25|text_align:center|color:%23808080&Prime; use_theme_fonts=\u00a0\u00bbyes\u00a0\u00bb][vc_custom_heading text=\u00a0\u00bbLES HAUTS DE SAINT-ANNE\u00a0\u00bb font_container=\u00a0\u00bbtag:h1|font_size:25|text_align:center|color:%231fa6df\u00a0\u00bb use_theme_fonts=\u00a0\u00bbyes\u00a0\u00bb][vc_separator][vc_row_inner equal_height=\u00a0\u00bbyes\u00a0\u00bb content_placement=\u00a0\u00bbtop\u00a0\u00bb][vc_column_inner width=\u00a0\u00bb3\/4&Prime;][vc_single_image image=\u00a0\u00bb755&Prime; img_size=\u00a0\u00bblarge\u00a0\u00bb alignment=\u00a0\u00bbcenter\u00a0\u00bb][\/vc_column_inner][vc_column_inner width=\u00a0\u00bb1\/4&Prime;][vc_single_image image=\u00a0\u00bb754&Prime;][vc_single_image image=\u00a0\u00bb757&Prime;][\/vc_column_inner][\/vc_row_inner][\/vc_column][\/vc_row][vc_row full_width=\u00a0\u00bbstretch_row_content\u00a0\u00bb content_placement=\u00a0\u00bbmiddle\u00a0\u00bb css=\u00a0\u00bb.vc_custom_1535470048419{background-color: #f0f0f0 !important;}\u00a0\u00bb][vc_column width=\u00a0\u00bb1\/6&Prime;][\/vc_column][vc_column width=\u00a0\u00bb2\/3&Prime;][vc_custom_heading text=\u00a0\u00bbDESCRIPTION DU PROGRAMME\u00a0\u00bb font_container=\u00a0\u00bbtag:h3|font_size:20|text_align:center|color:%23575656&Prime; use_theme_fonts=\u00a0\u00bbyes\u00a0\u00bb][vc_separator color=\u00a0\u00bbcustom\u00a0\u00bb border_width=\u00a0\u00bb3&Prime; el_width=\u00a0\u00bb10&Prime; accent_color=\u00a0\u00bb#1fa6df\u00a0\u00bb][vc_column_text]IMMOBILIER DINARD Situ\u00e9 en plein coeur de\u00a0Dinard, \u00e0 50 [&hellip;]<\/p>\n","protected":false},"author":1,"featured_media":0,"parent":578,"menu_order":0,"comment_status":"closed","ping_status":"closed","template":"slider-template.php","meta":[],"yoast_head":"<!-- This site is optimized with the Yoast SEO plugin v19.9 - https:\/\/yoast.com\/wordpress\/plugins\/seo\/ -->\n<title>Investissement Dinard Les Hauts de St-Anne I GROUPE AUTHENTICITY<\/title>\n<meta name=\"description\" content=\"INVESTISSEMENT DINARD IMMOBILIER : situ\u00e9 en plein coeur de Dinard, \u00e0 50 m de la place du march\u00e9, et \u00e0 seulement 300m de la plage, succombez ...\" \/>\n<meta name=\"robots\" content=\"index, follow, max-snippet:-1, max-image-preview:large, max-video-preview:-1\" \/>\n<link rel=\"canonical\" href=\"https:\/\/groupe-authenticity.com\/index.php\/immobilier-neuf-st-malo\/immobilier-dinard-les-hauts-de-saint-anne\/\" \/>\n<meta property=\"og:locale\" content=\"fr_FR\" \/>\n<meta property=\"og:type\" content=\"article\" \/>\n<meta property=\"og:title\" content=\"Investissement Dinard Les Hauts de St-Anne I GROUPE AUTHENTICITY\" \/>\n<meta property=\"og:description\" content=\"INVESTISSEMENT DINARD IMMOBILIER : situ\u00e9 en plein coeur de Dinard, \u00e0 50 m de la place du march\u00e9, et \u00e0 seulement 300m de la plage, succombez ...\" \/>\n<meta property=\"og:url\" content=\"https:\/\/groupe-authenticity.com\/index.php\/immobilier-neuf-st-malo\/immobilier-dinard-les-hauts-de-saint-anne\/\" \/>\n<meta property=\"og:site_name\" content=\"Groupe Authenticity\" \/>\n<meta property=\"article:modified_time\" content=\"2019-08-27T09:23:47+00:00\" \/>\n<meta property=\"og:image\" content=\"https:\/\/groupe-authenticity.com\/wp-content\/uploads\/2018\/09\/shutterstock_61965661WEB-300x156.jpg\" \/>\n<meta name=\"twitter:card\" content=\"summary_large_image\" \/>\n<meta name=\"twitter:label1\" content=\"Dur\u00e9e de lecture estim\u00e9e\" \/>\n\t<meta name=\"twitter:data1\" content=\"3 minutes\" \/>\n<script type=\"application\/ld+json\" class=\"yoast-schema-graph\">{\"@context\":\"https:\/\/schema.org\",\"@graph\":[{\"@type\":\"WebPage\",\"@id\":\"https:\/\/groupe-authenticity.com\/index.php\/immobilier-neuf-st-malo\/immobilier-dinard-les-hauts-de-saint-anne\/\",\"url\":\"https:\/\/groupe-authenticity.com\/index.php\/immobilier-neuf-st-malo\/immobilier-dinard-les-hauts-de-saint-anne\/\",\"name\":\"Investissement Dinard Les Hauts de St-Anne I GROUPE AUTHENTICITY\",\"isPartOf\":{\"@id\":\"https:\/\/groupe-authenticity.com\/#website\"},\"datePublished\":\"2018-09-04T14:48:30+00:00\",\"dateModified\":\"2019-08-27T09:23:47+00:00\",\"description\":\"INVESTISSEMENT DINARD IMMOBILIER : situ\u00e9 en plein coeur de Dinard, \u00e0 50 m de la place du march\u00e9, et \u00e0 seulement 300m de la plage, succombez ...\",\"breadcrumb\":{\"@id\":\"https:\/\/groupe-authenticity.com\/index.php\/immobilier-neuf-st-malo\/immobilier-dinard-les-hauts-de-saint-anne\/#breadcrumb\"},\"inLanguage\":\"fr-FR\",\"potentialAction\":[{\"@type\":\"ReadAction\",\"target\":[\"https:\/\/groupe-authenticity.com\/index.php\/immobilier-neuf-st-malo\/immobilier-dinard-les-hauts-de-saint-anne\/\"]}]},{\"@type\":\"BreadcrumbList\",\"@id\":\"https:\/\/groupe-authenticity.com\/index.php\/immobilier-neuf-st-malo\/immobilier-dinard-les-hauts-de-saint-anne\/#breadcrumb\",\"itemListElement\":[{\"@type\":\"ListItem\",\"position\":1,\"name\":\"Accueil\",\"item\":\"https:\/\/groupe-authenticity.com\/\"},{\"@type\":\"ListItem\",\"position\":2,\"name\":\"NOS PROGRAMMES\",\"item\":\"https:\/\/groupe-authenticity.com\/index.php\/immobilier-neuf-st-malo\/\"},{\"@type\":\"ListItem\",\"position\":3,\"name\":\"DINARD &#8211; LES HAUTS DE SAINT-ANNE\"}]},{\"@type\":\"WebSite\",\"@id\":\"https:\/\/groupe-authenticity.com\/#website\",\"url\":\"https:\/\/groupe-authenticity.com\/\",\"name\":\"Groupe Authenticity\",\"description\":\"L&#039;immobilier sur-mesure\",\"potentialAction\":[{\"@type\":\"SearchAction\",\"target\":{\"@type\":\"EntryPoint\",\"urlTemplate\":\"https:\/\/groupe-authenticity.com\/?s={search_term_string}\"},\"query-input\":\"required name=search_term_string\"}],\"inLanguage\":\"fr-FR\"}]}<\/script>\n<!-- \/ Yoast SEO plugin. -->","yoast_head_json":{"title":"Investissement Dinard Les Hauts de St-Anne I GROUPE AUTHENTICITY","description":"INVESTISSEMENT DINARD IMMOBILIER : situ\u00e9 en plein coeur de Dinard, \u00e0 50 m de la place du march\u00e9, et \u00e0 seulement 300m de la plage, succombez ...","robots":{"index":"index","follow":"follow","max-snippet":"max-snippet:-1","max-image-preview":"max-image-preview:large","max-video-preview":"max-video-preview:-1"},"canonical":"https:\/\/groupe-authenticity.com\/index.php\/immobilier-neuf-st-malo\/immobilier-dinard-les-hauts-de-saint-anne\/","og_locale":"fr_FR","og_type":"article","og_title":"Investissement Dinard Les Hauts de St-Anne I GROUPE AUTHENTICITY","og_description":"INVESTISSEMENT DINARD IMMOBILIER : situ\u00e9 en plein coeur de Dinard, \u00e0 50 m de la place du march\u00e9, et \u00e0 seulement 300m de la plage, succombez ...","og_url":"https:\/\/groupe-authenticity.com\/index.php\/immobilier-neuf-st-malo\/immobilier-dinard-les-hauts-de-saint-anne\/","og_site_name":"Groupe Authenticity","article_modified_time":"2019-08-27T09:23:47+00:00","og_image":[{"url":"https:\/\/groupe-authenticity.com\/wp-content\/uploads\/2018\/09\/shutterstock_61965661WEB-300x156.jpg"}],"twitter_card":"summary_large_image","twitter_misc":{"Dur\u00e9e de lecture estim\u00e9e":"3 minutes"},"schema":{"@context":"https:\/\/schema.org","@graph":[{"@type":"WebPage","@id":"https:\/\/groupe-authenticity.com\/index.php\/immobilier-neuf-st-malo\/immobilier-dinard-les-hauts-de-saint-anne\/","url":"https:\/\/groupe-authenticity.com\/index.php\/immobilier-neuf-st-malo\/immobilier-dinard-les-hauts-de-saint-anne\/","name":"Investissement Dinard Les Hauts de St-Anne I GROUPE AUTHENTICITY","isPartOf":{"@id":"https:\/\/groupe-authenticity.com\/#website"},"datePublished":"2018-09-04T14:48:30+00:00","dateModified":"2019-08-27T09:23:47+00:00","description":"INVESTISSEMENT DINARD IMMOBILIER : situ\u00e9 en plein coeur de Dinard, \u00e0 50 m de la place du march\u00e9, et \u00e0 seulement 300m de la plage, succombez ...","breadcrumb":{"@id":"https:\/\/groupe-authenticity.com\/index.php\/immobilier-neuf-st-malo\/immobilier-dinard-les-hauts-de-saint-anne\/#breadcrumb"},"inLanguage":"fr-FR","potentialAction":[{"@type":"ReadAction","target":["https:\/\/groupe-authenticity.com\/index.php\/immobilier-neuf-st-malo\/immobilier-dinard-les-hauts-de-saint-anne\/"]}]},{"@type":"BreadcrumbList","@id":"https:\/\/groupe-authenticity.com\/index.php\/immobilier-neuf-st-malo\/immobilier-dinard-les-hauts-de-saint-anne\/#breadcrumb","itemListElement":[{"@type":"ListItem","position":1,"name":"Accueil","item":"https:\/\/groupe-authenticity.com\/"},{"@type":"ListItem","position":2,"name":"NOS PROGRAMMES","item":"https:\/\/groupe-authenticity.com\/index.php\/immobilier-neuf-st-malo\/"},{"@type":"ListItem","position":3,"name":"DINARD &#8211; LES HAUTS DE SAINT-ANNE"}]},{"@type":"WebSite","@id":"https:\/\/groupe-authenticity.com\/#website","url":"https:\/\/groupe-authenticity.com\/","name":"Groupe Authenticity","description":"L&#039;immobilier sur-mesure","potentialAction":[{"@type":"SearchAction","target":{"@type":"EntryPoint","urlTemplate":"https:\/\/groupe-authenticity.com\/?s={search_term_string}"},"query-input":"required name=search_term_string"}],"inLanguage":"fr-FR"}]}},"_links":{"self":[{"href":"https:\/\/groupe-authenticity.com\/index.php\/wp-json\/wp\/v2\/pages\/748"}],"collection":[{"href":"https:\/\/groupe-authenticity.com\/index.php\/wp-json\/wp\/v2\/pages"}],"about":[{"href":"https:\/\/groupe-authenticity.com\/index.php\/wp-json\/wp\/v2\/types\/page"}],"author":[{"embeddable":true,"href":"https:\/\/groupe-authenticity.com\/index.php\/wp-json\/wp\/v2\/users\/1"}],"replies":[{"embeddable":true,"href":"https:\/\/groupe-authenticity.com\/index.php\/wp-json\/wp\/v2\/comments?post=748"}],"version-history":[{"count":35,"href":"https:\/\/groupe-authenticity.com\/index.php\/wp-json\/wp\/v2\/pages\/748\/revisions"}],"predecessor-version":[{"id":1422,"href":"https:\/\/groupe-authenticity.com\/index.php\/wp-json\/wp\/v2\/pages\/748\/revisions\/1422"}],"up":[{"embeddable":true,"href":"https:\/\/groupe-authenticity.com\/index.php\/wp-json\/wp\/v2\/pages\/578"}],"wp:attachment":[{"href":"https:\/\/groupe-authenticity.com\/index.php\/wp-json\/wp\/v2\/media?parent=748"}],"curies":[{"name":"wp","href":"https:\/\/api.w.org\/{rel}","templated":true}]}}