{"id":1451,"date":"2019-08-26T20:44:19","date_gmt":"2019-08-26T18:44:19","guid":{"rendered":"https:\/\/groupe-authenticity.com\/?page_id=1451"},"modified":"2022-11-29T16:03:55","modified_gmt":"2022-11-29T15:03:55","slug":"immobilier-dinard-le-clair-de-lune","status":"publish","type":"page","link":"https:\/\/groupe-authenticity.com\/index.php\/immobilier-neuf-st-malo\/immobilier-dinard-le-clair-de-lune\/","title":{"rendered":"DINARD &#8211; LE CLAIR DE LUNE"},"content":{"rendered":"<p>[vc_row full_width=\u00a0\u00bbstretch_row_content_no_spaces\u00a0\u00bb content_placement=\u00a0\u00bbtop\u00a0\u00bb][vc_column][vc_single_image image=\u00a0\u00bb1197&Prime; img_size=\u00a0\u00bbfull\u00a0\u00bb alignment=\u00a0\u00bbcenter\u00a0\u00bb][\/vc_column][\/vc_row][vc_row full_width=\u00a0\u00bbstretch_row_content\u00a0\u00bb css=\u00a0\u00bb.vc_custom_1537185500673{padding-right: 0px !important;padding-left: 0px !important;}\u00a0\u00bb][vc_column][vc_custom_heading text=\u00a0\u00bbIMMOBILIER DINARD\u00a0\u00bb font_container=\u00a0\u00bbtag:h1|font_size:25|text_align:center|color:%23808080&Prime; use_theme_fonts=\u00a0\u00bbyes\u00a0\u00bb][vc_custom_heading text=\u00a0\u00bbLE CLAIR DE LUNE\u00a0\u00bb font_container=\u00a0\u00bbtag:h1|font_size:25|text_align:center|color:%231fa6df\u00a0\u00bb use_theme_fonts=\u00a0\u00bbyes\u00a0\u00bb][vc_separator][vc_custom_heading text=\u00a0\u00bbIci, le Groupe Authenticity r\u00e9habilite et valorise le patrimoine en collaboration avec le cabinet d\u2019architectes BACHMANN Associ\u00e9s et les entreprises sp\u00e9cialis\u00e9es de la r\u00e9gion.\u00a0\u00bb font_container=\u00a0\u00bbtag:h5|font_size:18|text_align:center|color:%235e5e5e\u00a0\u00bb use_theme_fonts=\u00a0\u00bbyes\u00a0\u00bb][vc_empty_space height=\u00a0\u00bb50px\u00a0\u00bb][vc_row_inner][vc_column_inner][vc_media_grid gap=\u00a0\u00bb15&Prime; item=\u00a0\u00bbmediaGrid_SimpleOverlay\u00a0\u00bb grid_id=\u00a0\u00bbvc_gid:1669734210274-ef1b081360770f823952e8cc02896b32-5&Prime; include=\u00a0\u00bb1465,2740,2744&Prime;][\/vc_column_inner][\/vc_row_inner][\/vc_column][\/vc_row][vc_row full_width=\u00a0\u00bbstretch_row_content\u00a0\u00bb content_placement=\u00a0\u00bbmiddle\u00a0\u00bb css=\u00a0\u00bb.vc_custom_1535470048419{background-color: #f0f0f0 !important;}\u00a0\u00bb][vc_column width=\u00a0\u00bb1\/6&Prime;][\/vc_column][vc_column width=\u00a0\u00bb2\/3&Prime;][vc_custom_heading text=\u00a0\u00bbDESCRIPTION DU PROGRAMME\u00a0\u00bb font_container=\u00a0\u00bbtag:h3|font_size:20|text_align:center|color:%23575656&Prime; use_theme_fonts=\u00a0\u00bbyes\u00a0\u00bb][vc_separator color=\u00a0\u00bbcustom\u00a0\u00bb border_width=\u00a0\u00bb3&Prime; el_width=\u00a0\u00bb10&Prime; accent_color=\u00a0\u00bb#1fa6df\u00a0\u00bb][vc_column_text]<strong>IMMOBILIER DINARD<\/strong><\/p>\n<p>Prestigieuse et \u00e9l\u00e9gante station baln\u00e9aire de la C\u00f4te d\u2019Emeraude, <a href=\"https:\/\/www.dinardemeraudetourisme.com\">Dinard<\/a> est r\u00e9put\u00e9e pour ses villas Belle \u00e9poque, sa plage de L\u2019 \u00e9cluse avec son casino et appr\u00e9ci\u00e9e pour la douceur de son climat.<\/p>\n<p>C\u2019est au c\u0153ur de la rue des \u00e9coles, \u00e0 la place de l\u2019ancienne \u00e9cole de musique que se<span class=\"Apple-converted-space\">\u00a0 <\/span>d\u00e9voile la r\u00e9sidence \u00ab Le Clair de Lune \u00bb. Une adresse d\u2019exception, pour vivre, investir, ou pour les vacances. Elle offre le cadre id\u00e9al pour profiter toute l\u2019ann\u00e9e du bord de mer, \u00e0 deux pas des commerces et services..<\/p>\n<p><strong>LE CHARME DE LA PIERRE DANS UN CADRE D&rsquo;EXCEPTION\u00a0<\/strong><\/p>\n<p style=\"text-align: justify;\">Subtile alliance de modernit\u00e9 et de valorisation du b\u00e2ti existant, la r\u00e9sidence Le Clair de Lune s\u2019int\u00e8gre harmonieusement dans son environnement pavillonnaire et joue la carte du haut standing. La r\u00e9sidence redessin\u00e9e par l\u2019agence <a href=\"https:\/\/www.bachmann-associes.fr\">Bachmann Associ\u00e9s Dinard<\/a> se compose d\u2019un b\u00e2timent r\u00e9habilit\u00e9 comprenant 8 appartements du type 3 au type 5 et d\u2019une maison individuelle intimiste type 4 r\u00e9nov\u00e9e avec \u00e9l\u00e9gance et distinction. <span class=\"Apple-converted-space\">\u00a0<\/span><\/p>\n<p style=\"text-align: justify;\">Tous les logements disposent d\u2019ouvertures sur l\u2019ext\u00e9rieur gr\u00e2ce aux balcons et terrasses bien orient\u00e9s, privil\u00e9giant la lumi\u00e8re naturelle au sein des pi\u00e8ces de vie. L\u2019agencement des int\u00e9rieurs conf\u00e8re une sensation d\u2019intimit\u00e9 r\u00e9sidentielle.<span class=\"Apple-converted-space\">\u00a0\u00a0<\/span><\/p>\n<h4 style=\"text-align: center;\"><span style=\"color: #1fa6df;\"><strong>Une opportunit\u00e9 unique de vivre dans un cadre convoit\u00e9 !<\/strong><\/span><\/h4>\n<h4 style=\"text-align: center;\"><span style=\"color: #1fa6df;\"><strong><a href=\"https:\/\/groupe-authenticity.com\/index.php\/contactez-nous\/\">Contactez-nous<\/a> pour un investissement\u00a0immobilier dinard !<\/strong><\/span><\/h4>\n<p>&nbsp;<\/p>\n<p><img decoding=\"async\" loading=\"lazy\" class=\"aligncenter wp-image-1489 size-full\" src=\"https:\/\/groupe-authenticity.com\/wp-content\/uploads\/2019\/08\/CUISINEfinal.jpg\" alt=\"IMMOBILIER DINARD\" width=\"1772\" height=\"356\" srcset=\"https:\/\/groupe-authenticity.com\/wp-content\/uploads\/2019\/08\/CUISINEfinal.jpg 1772w, https:\/\/groupe-authenticity.com\/wp-content\/uploads\/2019\/08\/CUISINEfinal-300x60.jpg 300w, https:\/\/groupe-authenticity.com\/wp-content\/uploads\/2019\/08\/CUISINEfinal-768x154.jpg 768w, https:\/\/groupe-authenticity.com\/wp-content\/uploads\/2019\/08\/CUISINEfinal-1024x206.jpg 1024w\" sizes=\"(max-width: 1772px) 100vw, 1772px\" \/>[\/vc_column_text][\/vc_column][vc_column width=\u00a0\u00bb1\/6&Prime;][\/vc_column][\/vc_row][vc_row full_width=\u00a0\u00bbstretch_row_content\u00a0\u00bb content_placement=\u00a0\u00bbmiddle\u00a0\u00bb][vc_column width=\u00a0\u00bb1\/6&Prime;][\/vc_column][vc_column width=\u00a0\u00bb2\/3&Prime;][vc_custom_heading text=\u00a0\u00bbLOTS DISPONIBLES\u00a0\u00bb font_container=\u00a0\u00bbtag:h3|font_size:20|text_align:center|color:%23575656&Prime; use_theme_fonts=\u00a0\u00bbyes\u00a0\u00bb][vc_separator color=\u00a0\u00bbcustom\u00a0\u00bb border_width=\u00a0\u00bb3&Prime; el_width=\u00a0\u00bb10&Prime; accent_color=\u00a0\u00bb#1fa6df\u00a0\u00bb][vc_column_text]<span style=\"color: #ffffff;\">immobilier dinard<\/span><\/p>\n<p>&nbsp;<\/p>\n<table style=\"height: 452px;\" border=\"1\" width=\"976\" cellspacing=\"0\" cellpadding=\"0\">\n<colgroup>\n<col span=\"6\" width=\"87\" \/>\n<col width=\"109\" \/>\n<col span=\"3\" width=\"87\" \/><\/colgroup>\n<tbody>\n<tr>\n<td class=\"xl63\" style=\"text-align: center;\" width=\"87\" height=\"21\"><strong>R\u00c9F\u00c9RENCE \u00a0\u00a0<\/strong><\/td>\n<td class=\"xl63\" style=\"text-align: center;\" width=\"87\"><strong>TYPE<\/strong><\/td>\n<td class=\"xl63\" style=\"text-align: center;\" width=\"87\"><strong>PI\u00c8CES<\/strong><\/td>\n<td class=\"xl63\" style=\"text-align: center;\" width=\"87\"><strong>VUE<\/strong><\/td>\n<td class=\"xl63\" style=\"text-align: center;\" width=\"87\"><strong>SURFACE<\/strong><\/td>\n<td class=\"xl63\" style=\"text-align: center;\" width=\"87\"><strong>JARDIN<\/strong><\/td>\n<td class=\"xl63\" style=\"text-align: center;\" width=\"109\"><strong>TERRASSE<\/strong><\/td>\n<td class=\"xl63\" style=\"text-align: center;\" width=\"87\"><strong>GARAGE<\/strong><\/td>\n<td class=\"xl63\" style=\"text-align: center;\" width=\"87\"><strong>PARKING<\/strong><\/td>\n<td class=\"xl64\" style=\"text-align: center;\" width=\"87\"><\/td>\n<\/tr>\n<tr>\n<td class=\"xl64\" height=\"21\"><strong>A001<\/strong><\/td>\n<td class=\"xl64\">APPARTEMENT<\/td>\n<td class=\"xl64\" style=\"text-align: center;\">T3<\/td>\n<td class=\"xl64\"><\/td>\n<td class=\"xl64\" style=\"text-align: center;\">64 m2<\/td>\n<td class=\"xl66\" style=\"text-align: center;\">54,42 m2<\/td>\n<td class=\"xl66\" style=\"text-align: center;\">12 m2<\/td>\n<td class=\"xl66\"><\/td>\n<td class=\"xl66\" style=\"text-align: center;\">x<\/td>\n<td class=\"xl64\">RESERVE<\/td>\n<\/tr>\n<tr>\n<td class=\"xl64\" height=\"21\"><strong>A002<\/strong><\/td>\n<td class=\"xl64\">APPARTEMENT<\/td>\n<td class=\"xl64\" style=\"text-align: center;\">T3<\/td>\n<td class=\"xl64\"><\/td>\n<td class=\"xl64\" style=\"text-align: center;\">71 m2<\/td>\n<td class=\"xl66\" style=\"text-align: center;\">46,47 m2<\/td>\n<td class=\"xl66\" style=\"text-align: center;\">13,31 m2<\/td>\n<td class=\"xl66\"><\/td>\n<td class=\"xl66\" style=\"text-align: center;\">x<\/td>\n<td class=\"xl64\">RESERVE<\/td>\n<\/tr>\n<tr>\n<td class=\"xl64\" height=\"21\"><strong>A101<\/strong><\/td>\n<td class=\"xl64\">APPARTEMENT<\/td>\n<td class=\"xl64\" style=\"text-align: center;\">T3<\/td>\n<td class=\"xl64\"><\/td>\n<td class=\"xl64\" style=\"text-align: center;\">59,85 m2<\/td>\n<td class=\"xl66\" style=\"text-align: center;\">22,38 m2<\/td>\n<td class=\"xl66\"><\/td>\n<td class=\"xl66\"><\/td>\n<td class=\"xl66\" style=\"text-align: center;\">x<\/td>\n<td class=\"xl64\">RESERVE<\/td>\n<\/tr>\n<tr>\n<td class=\"xl64\" height=\"21\"><strong>A102<\/strong><\/td>\n<td class=\"xl64\">APPARTEMENT<\/td>\n<td class=\"xl64\" style=\"text-align: center;\">T3<\/td>\n<td class=\"xl64\"><\/td>\n<td class=\"xl64\" style=\"text-align: center;\">70 m2<\/td>\n<td class=\"xl66\" style=\"text-align: center;\">21,68 m2<\/td>\n<td class=\"xl66\"><\/td>\n<td class=\"xl64\" style=\"text-align: center;\">x<\/td>\n<td class=\"xl66\" style=\"text-align: center;\">x<\/td>\n<td class=\"xl64\">RESERVE<\/td>\n<\/tr>\n<tr>\n<td class=\"xl64\" height=\"21\"><strong>A201<\/strong><\/td>\n<td class=\"xl64\">APPARTEMENT<\/td>\n<td class=\"xl64\" style=\"text-align: center;\">T3<\/td>\n<td class=\"xl64\"><\/td>\n<td class=\"xl64\" style=\"text-align: center;\">65\u00a0 m2<\/td>\n<td class=\"xl66\"><\/td>\n<td class=\"xl66\"><\/td>\n<td class=\"xl66\" style=\"text-align: center;\">x<\/td>\n<td class=\"xl66\"><\/td>\n<td class=\"xl64\">RESERVE<\/td>\n<\/tr>\n<tr>\n<td class=\"xl64\" height=\"21\"><strong>A202<\/strong><\/td>\n<td class=\"xl64\">APPARTEMENT<\/td>\n<td class=\"xl64\" style=\"text-align: center;\">T3<\/td>\n<td class=\"xl64\"><\/td>\n<td class=\"xl64\" style=\"text-align: center;\">71 m2<\/td>\n<td class=\"xl66\"><\/td>\n<td class=\"xl66\"><\/td>\n<td class=\"xl66\" style=\"text-align: center;\">x<\/td>\n<td class=\"xl66\"><\/td>\n<td class=\"xl64\">RESERVE<\/td>\n<\/tr>\n<tr>\n<td class=\"xl64\" height=\"21\"><strong>A301<\/strong><\/td>\n<td class=\"xl64\">APPARTEMENT<\/td>\n<td class=\"xl64\" style=\"text-align: center;\">T4<\/td>\n<td class=\"xl64\" style=\"text-align: center;\">MER<\/td>\n<td class=\"xl64\" style=\"text-align: center;\">105,45 \u00a0m2<\/td>\n<td class=\"xl66\"><\/td>\n<td class=\"xl66\" style=\"text-align: center;\">23,87 m2<\/td>\n<td class=\"xl64\" style=\"text-align: center;\">x<\/td>\n<td class=\"xl66\"><\/td>\n<td class=\"xl64\">RESERVE<\/td>\n<\/tr>\n<tr>\n<td class=\"xl64\" height=\"68\"><strong>A401<\/strong><\/td>\n<td class=\"xl64\">APPARTEMENT<\/td>\n<td class=\"xl64\" style=\"text-align: center;\">T3<\/td>\n<td class=\"xl64\" style=\"text-align: center;\">MER<\/td>\n<td class=\"xl64\" style=\"text-align: center;\">81,65 m2<\/td>\n<td class=\"xl66\"><\/td>\n<td class=\"xl65\" style=\"text-align: center;\" width=\"109\">2 TERRASSES<br \/>\n12,11 m2 et 19,24m2<\/td>\n<td class=\"xl64\" style=\"text-align: center;\">x<\/td>\n<td class=\"xl66\"><\/td>\n<td class=\"xl64\">RESERVE<\/td>\n<\/tr>\n<tr>\n<td class=\"xl64\" height=\"21\"><\/td>\n<td class=\"xl64\" style=\"text-align: center;\">MAISON<\/td>\n<td class=\"xl64\" style=\"text-align: center;\">T4<\/td>\n<td class=\"xl64\"><\/td>\n<td class=\"xl64\" style=\"text-align: center;\">115,4 \u00a0m2<\/td>\n<td style=\"text-align: center;\" align=\"right\">48,31<\/td>\n<td style=\"text-align: center;\">12,26 m2<\/td>\n<td class=\"xl64\" style=\"text-align: center;\">x<\/td>\n<td class=\"xl66\"><\/td>\n<td class=\"xl64\">RESERVE<\/td>\n<\/tr>\n<\/tbody>\n<\/table>\n<p>[\/vc_column_text][\/vc_column][vc_column width=\u00a0\u00bb1\/6&Prime;][\/vc_column][\/vc_row][vc_row full_width=\u00a0\u00bbstretch_row_content\u00a0\u00bb content_placement=\u00a0\u00bbmiddle\u00a0\u00bb][vc_column][vc_custom_heading text=\u00a0\u00bbLOCALISATION\u00a0\u00bb font_container=\u00a0\u00bbtag:h3|font_size:20|text_align:center|color:%23575656&Prime; use_theme_fonts=\u00a0\u00bbyes\u00a0\u00bb][vc_gmaps link=\u00a0\u00bb#E-8_JTNDaWZyYW1lJTIwc3JjJTNEJTIyaHR0cHMlM0ElMkYlMkZ3d3cuZ29vZ2xlLmNvbSUyRm1hcHMlMkZlbWJlZCUzRnBiJTNEJTIxMW0xOCUyMTFtMTIlMjExbTMlMjExZDI0MDMuNjIzOTIwNDk1NjM0JTIxMmQtMi4wNjAwMDY0NDg5NDk0ODg3JTIxM2Q0OC42MjY3MDY4NzkxNjM3MiUyMTJtMyUyMTFmMCUyMTJmMCUyMTNmMCUyMTNtMiUyMTFpMTAyNCUyMTJpNzY4JTIxNGYxMy4xJTIxM20zJTIxMW0yJTIxMXMweDQ4MGU4MGM5ZTk3ZTZjYjMlMjUzQTB4NWQ4NTI2YjU1OTIxYjEzOCUyMTJzMTUlMjUyMFJ1ZSUyNTIwZGVzJTI1MjAlMjVDMyUyNTg5Y29sZXMlMjUyQyUyNTIwMzU4MDAlMjUyMERpbmFyZCUyMTVlMSUyMTNtMiUyMTFzZnIlMjEyc2ZyJTIxNHYxNTY2ODQ4MDYyODk0JTIxNW0yJTIxMXNmciUyMTJzZnIlMjIlMjB3aWR0aCUzRCUyMjYwMCUyMiUyMGhlaWdodCUzRCUyMjQ1MCUyMiUyMGZyYW1lYm9yZGVyJTNEJTIyMCUyMiUyMHN0eWxlJTNEJTIyYm9yZGVyJTNBMCUzQiUyMiUyMGFsbG93ZnVsbHNjcmVlbiUzRCUyMiUyMiUzRSUzQyUyRmlmcmFtZSUzRQ==\u00a0\u00bb][\/vc_column][\/vc_row]<\/p>\n","protected":false},"excerpt":{"rendered":"<p>[vc_row full_width=\u00a0\u00bbstretch_row_content_no_spaces\u00a0\u00bb content_placement=\u00a0\u00bbtop\u00a0\u00bb][vc_column][vc_single_image image=\u00a0\u00bb1197&Prime; img_size=\u00a0\u00bbfull\u00a0\u00bb alignment=\u00a0\u00bbcenter\u00a0\u00bb][\/vc_column][\/vc_row][vc_row full_width=\u00a0\u00bbstretch_row_content\u00a0\u00bb css=\u00a0\u00bb.vc_custom_1537185500673{padding-right: 0px !important;padding-left: 0px !important;}\u00a0\u00bb][vc_column][vc_custom_heading text=\u00a0\u00bbIMMOBILIER DINARD\u00a0\u00bb font_container=\u00a0\u00bbtag:h1|font_size:25|text_align:center|color:%23808080&Prime; use_theme_fonts=\u00a0\u00bbyes\u00a0\u00bb][vc_custom_heading text=\u00a0\u00bbLE CLAIR DE LUNE\u00a0\u00bb font_container=\u00a0\u00bbtag:h1|font_size:25|text_align:center|color:%231fa6df\u00a0\u00bb use_theme_fonts=\u00a0\u00bbyes\u00a0\u00bb][vc_separator][vc_custom_heading text=\u00a0\u00bbIci, le Groupe Authenticity r\u00e9habilite et valorise le patrimoine en collaboration avec le cabinet d\u2019architectes BACHMANN Associ\u00e9s et les entreprises sp\u00e9cialis\u00e9es de la r\u00e9gion.\u00a0\u00bb font_container=\u00a0\u00bbtag:h5|font_size:18|text_align:center|color:%235e5e5e\u00a0\u00bb use_theme_fonts=\u00a0\u00bbyes\u00a0\u00bb][vc_empty_space height=\u00a0\u00bb50px\u00a0\u00bb][vc_row_inner][vc_column_inner][vc_media_grid gap=\u00a0\u00bb15&Prime; item=\u00a0\u00bbmediaGrid_SimpleOverlay\u00a0\u00bb grid_id=\u00a0\u00bbvc_gid:1669734210274-ef1b081360770f823952e8cc02896b32-5&Prime; include=\u00a0\u00bb1465,2740,2744&Prime;][\/vc_column_inner][\/vc_row_inner][\/vc_column][\/vc_row][vc_row full_width=\u00a0\u00bbstretch_row_content\u00a0\u00bb content_placement=\u00a0\u00bbmiddle\u00a0\u00bb [&hellip;]<\/p>\n","protected":false},"author":1,"featured_media":0,"parent":578,"menu_order":0,"comment_status":"closed","ping_status":"closed","template":"slider-template.php","meta":[],"yoast_head":"<!-- This site is optimized with the Yoast SEO plugin v19.9 - https:\/\/yoast.com\/wordpress\/plugins\/seo\/ -->\n<title>IMMOBILIER DINARD : Lancement commercial Le CLair de Lune<\/title>\n<meta name=\"description\" content=\"IMMOBILIER DINARD I Lancement commercial R\u00e9sidence Le Clair de Lune joue la carte du haut standing. Une adresse d\u2019exception, pour vivre ou investir\" \/>\n<meta name=\"robots\" content=\"index, follow, max-snippet:-1, max-image-preview:large, max-video-preview:-1\" \/>\n<link rel=\"canonical\" href=\"https:\/\/groupe-authenticity.com\/index.php\/immobilier-neuf-st-malo\/immobilier-dinard-le-clair-de-lune\/\" \/>\n<meta property=\"og:locale\" content=\"fr_FR\" \/>\n<meta property=\"og:type\" content=\"article\" \/>\n<meta property=\"og:title\" content=\"IMMOBILIER DINARD : Lancement commercial Le CLair de Lune\" \/>\n<meta property=\"og:description\" content=\"IMMOBILIER DINARD I Lancement commercial R\u00e9sidence Le Clair de Lune joue la carte du haut standing. Une adresse d\u2019exception, pour vivre ou investir\" \/>\n<meta property=\"og:url\" content=\"https:\/\/groupe-authenticity.com\/index.php\/immobilier-neuf-st-malo\/immobilier-dinard-le-clair-de-lune\/\" \/>\n<meta property=\"og:site_name\" content=\"Groupe Authenticity\" \/>\n<meta property=\"article:modified_time\" content=\"2022-11-29T15:03:55+00:00\" \/>\n<meta property=\"og:image\" content=\"https:\/\/groupe-authenticity.com\/wp-content\/uploads\/2019\/08\/CUISINEfinal.jpg\" \/>\n<meta name=\"twitter:card\" content=\"summary_large_image\" \/>\n<meta name=\"twitter:label1\" content=\"Dur\u00e9e de lecture estim\u00e9e\" \/>\n\t<meta name=\"twitter:data1\" content=\"4 minutes\" \/>\n<script type=\"application\/ld+json\" class=\"yoast-schema-graph\">{\"@context\":\"https:\/\/schema.org\",\"@graph\":[{\"@type\":\"WebPage\",\"@id\":\"https:\/\/groupe-authenticity.com\/index.php\/immobilier-neuf-st-malo\/immobilier-dinard-le-clair-de-lune\/\",\"url\":\"https:\/\/groupe-authenticity.com\/index.php\/immobilier-neuf-st-malo\/immobilier-dinard-le-clair-de-lune\/\",\"name\":\"IMMOBILIER DINARD : Lancement commercial Le CLair de Lune\",\"isPartOf\":{\"@id\":\"https:\/\/groupe-authenticity.com\/#website\"},\"datePublished\":\"2019-08-26T18:44:19+00:00\",\"dateModified\":\"2022-11-29T15:03:55+00:00\",\"description\":\"IMMOBILIER DINARD I Lancement commercial R\u00e9sidence Le Clair de Lune joue la carte du haut standing. Une adresse d\u2019exception, pour vivre ou investir\",\"breadcrumb\":{\"@id\":\"https:\/\/groupe-authenticity.com\/index.php\/immobilier-neuf-st-malo\/immobilier-dinard-le-clair-de-lune\/#breadcrumb\"},\"inLanguage\":\"fr-FR\",\"potentialAction\":[{\"@type\":\"ReadAction\",\"target\":[\"https:\/\/groupe-authenticity.com\/index.php\/immobilier-neuf-st-malo\/immobilier-dinard-le-clair-de-lune\/\"]}]},{\"@type\":\"BreadcrumbList\",\"@id\":\"https:\/\/groupe-authenticity.com\/index.php\/immobilier-neuf-st-malo\/immobilier-dinard-le-clair-de-lune\/#breadcrumb\",\"itemListElement\":[{\"@type\":\"ListItem\",\"position\":1,\"name\":\"Accueil\",\"item\":\"https:\/\/groupe-authenticity.com\/\"},{\"@type\":\"ListItem\",\"position\":2,\"name\":\"NOS PROGRAMMES\",\"item\":\"https:\/\/groupe-authenticity.com\/index.php\/immobilier-neuf-st-malo\/\"},{\"@type\":\"ListItem\",\"position\":3,\"name\":\"DINARD &#8211; LE CLAIR DE LUNE\"}]},{\"@type\":\"WebSite\",\"@id\":\"https:\/\/groupe-authenticity.com\/#website\",\"url\":\"https:\/\/groupe-authenticity.com\/\",\"name\":\"Groupe Authenticity\",\"description\":\"L&#039;immobilier sur-mesure\",\"potentialAction\":[{\"@type\":\"SearchAction\",\"target\":{\"@type\":\"EntryPoint\",\"urlTemplate\":\"https:\/\/groupe-authenticity.com\/?s={search_term_string}\"},\"query-input\":\"required name=search_term_string\"}],\"inLanguage\":\"fr-FR\"}]}<\/script>\n<!-- \/ Yoast SEO plugin. -->","yoast_head_json":{"title":"IMMOBILIER DINARD : Lancement commercial Le CLair de Lune","description":"IMMOBILIER DINARD I Lancement commercial R\u00e9sidence Le Clair de Lune joue la carte du haut standing. Une adresse d\u2019exception, pour vivre ou investir","robots":{"index":"index","follow":"follow","max-snippet":"max-snippet:-1","max-image-preview":"max-image-preview:large","max-video-preview":"max-video-preview:-1"},"canonical":"https:\/\/groupe-authenticity.com\/index.php\/immobilier-neuf-st-malo\/immobilier-dinard-le-clair-de-lune\/","og_locale":"fr_FR","og_type":"article","og_title":"IMMOBILIER DINARD : Lancement commercial Le CLair de Lune","og_description":"IMMOBILIER DINARD I Lancement commercial R\u00e9sidence Le Clair de Lune joue la carte du haut standing. Une adresse d\u2019exception, pour vivre ou investir","og_url":"https:\/\/groupe-authenticity.com\/index.php\/immobilier-neuf-st-malo\/immobilier-dinard-le-clair-de-lune\/","og_site_name":"Groupe Authenticity","article_modified_time":"2022-11-29T15:03:55+00:00","og_image":[{"url":"https:\/\/groupe-authenticity.com\/wp-content\/uploads\/2019\/08\/CUISINEfinal.jpg"}],"twitter_card":"summary_large_image","twitter_misc":{"Dur\u00e9e de lecture estim\u00e9e":"4 minutes"},"schema":{"@context":"https:\/\/schema.org","@graph":[{"@type":"WebPage","@id":"https:\/\/groupe-authenticity.com\/index.php\/immobilier-neuf-st-malo\/immobilier-dinard-le-clair-de-lune\/","url":"https:\/\/groupe-authenticity.com\/index.php\/immobilier-neuf-st-malo\/immobilier-dinard-le-clair-de-lune\/","name":"IMMOBILIER DINARD : Lancement commercial Le CLair de Lune","isPartOf":{"@id":"https:\/\/groupe-authenticity.com\/#website"},"datePublished":"2019-08-26T18:44:19+00:00","dateModified":"2022-11-29T15:03:55+00:00","description":"IMMOBILIER DINARD I Lancement commercial R\u00e9sidence Le Clair de Lune joue la carte du haut standing. Une adresse d\u2019exception, pour vivre ou investir","breadcrumb":{"@id":"https:\/\/groupe-authenticity.com\/index.php\/immobilier-neuf-st-malo\/immobilier-dinard-le-clair-de-lune\/#breadcrumb"},"inLanguage":"fr-FR","potentialAction":[{"@type":"ReadAction","target":["https:\/\/groupe-authenticity.com\/index.php\/immobilier-neuf-st-malo\/immobilier-dinard-le-clair-de-lune\/"]}]},{"@type":"BreadcrumbList","@id":"https:\/\/groupe-authenticity.com\/index.php\/immobilier-neuf-st-malo\/immobilier-dinard-le-clair-de-lune\/#breadcrumb","itemListElement":[{"@type":"ListItem","position":1,"name":"Accueil","item":"https:\/\/groupe-authenticity.com\/"},{"@type":"ListItem","position":2,"name":"NOS PROGRAMMES","item":"https:\/\/groupe-authenticity.com\/index.php\/immobilier-neuf-st-malo\/"},{"@type":"ListItem","position":3,"name":"DINARD &#8211; LE CLAIR DE LUNE"}]},{"@type":"WebSite","@id":"https:\/\/groupe-authenticity.com\/#website","url":"https:\/\/groupe-authenticity.com\/","name":"Groupe Authenticity","description":"L&#039;immobilier sur-mesure","potentialAction":[{"@type":"SearchAction","target":{"@type":"EntryPoint","urlTemplate":"https:\/\/groupe-authenticity.com\/?s={search_term_string}"},"query-input":"required name=search_term_string"}],"inLanguage":"fr-FR"}]}},"_links":{"self":[{"href":"https:\/\/groupe-authenticity.com\/index.php\/wp-json\/wp\/v2\/pages\/1451"}],"collection":[{"href":"https:\/\/groupe-authenticity.com\/index.php\/wp-json\/wp\/v2\/pages"}],"about":[{"href":"https:\/\/groupe-authenticity.com\/index.php\/wp-json\/wp\/v2\/types\/page"}],"author":[{"embeddable":true,"href":"https:\/\/groupe-authenticity.com\/index.php\/wp-json\/wp\/v2\/users\/1"}],"replies":[{"embeddable":true,"href":"https:\/\/groupe-authenticity.com\/index.php\/wp-json\/wp\/v2\/comments?post=1451"}],"version-history":[{"count":61,"href":"https:\/\/groupe-authenticity.com\/index.php\/wp-json\/wp\/v2\/pages\/1451\/revisions"}],"predecessor-version":[{"id":2745,"href":"https:\/\/groupe-authenticity.com\/index.php\/wp-json\/wp\/v2\/pages\/1451\/revisions\/2745"}],"up":[{"embeddable":true,"href":"https:\/\/groupe-authenticity.com\/index.php\/wp-json\/wp\/v2\/pages\/578"}],"wp:attachment":[{"href":"https:\/\/groupe-authenticity.com\/index.php\/wp-json\/wp\/v2\/media?parent=1451"}],"curies":[{"name":"wp","href":"https:\/\/api.w.org\/{rel}","templated":true}]}}