{"id":1009,"date":"2018-09-13T17:07:59","date_gmt":"2018-09-13T15:07:59","guid":{"rendered":"http:\/\/groupe-authenticity.com\/?page_id=1009"},"modified":"2019-08-27T11:42:01","modified_gmt":"2019-08-27T09:42:01","slug":"actualite-groupe-authenticity","status":"publish","type":"page","link":"https:\/\/groupe-authenticity.com\/index.php\/actualite-groupe-authenticity\/","title":{"rendered":"NOTRE ACTUALITE"},"content":{"rendered":"<p>[vc_row full_width=\u00a0\u00bbstretch_row_content_no_spaces\u00a0\u00bb content_placement=\u00a0\u00bbtop\u00a0\u00bb][vc_column][vc_single_image image=\u00a0\u00bb1161&Prime; img_size=\u00a0\u00bbfull\u00a0\u00bb alignment=\u00a0\u00bbcenter\u00a0\u00bb][\/vc_column][\/vc_row][vc_row full_width=\u00a0\u00bbstretch_row_content\u00a0\u00bb][vc_column][vc_column_text]<\/p>\n<h1 class=\"text-center\" style=\"text-align: center;\"><span style=\"color: #808080;\">ACTUALIT\u00c9\u00a0<\/span><\/h1>\n<h1 class=\"text-center\" style=\"text-align: center;\"><span style=\"color: #808080;\">GROUPE AUTHENTI<span style=\"color: #1fa6df;\">CITY<\/span><\/span><\/h1>\n<p>[\/vc_column_text][vc_separator][vc_custom_heading text=\u00a0\u00bbNouveaux programmes immobiliers sur la C\u00f4te d&#8217;emeraude, sponsoring, salons, dispositifs fiscaux, vie de l&rsquo;entreprise\u2026<br \/>\nLe Groupe Authenticity partage avec vous toutes ses actualit\u00e9s !\u00a0\u00bb font_container=\u00a0\u00bbtag:h2|font_size:15|text_align:center|color:%23575656&Prime; use_theme_fonts=\u00a0\u00bbyes\u00a0\u00bb][vc_empty_space height=\u00a0\u00bb20&Prime;][\/vc_column][\/vc_row][vc_row full_width=\u00a0\u00bbstretch_row_content\u00a0\u00bb][vc_column width=\u00a0\u00bb1\/3&Prime;][vc_custom_heading text=\u00a0\u00bbDINARD : Lancement commercial !\u00a0\u00bb font_container=\u00a0\u00bbtag:h2|font_size:15|text_align:center\u00a0\u00bb use_theme_fonts=\u00a0\u00bbyes\u00a0\u00bb link=\u00a0\u00bburl:https%3A%2F%2Fgroupe-authenticity.com%2Findex.php%2Fimmobilier-neuf-st-malo%2Fimmobilier-dinard-le-clair-de-lune%2F|||\u00a0\u00bb][vc_hoverbox image=\u00a0\u00bb1465&Prime; primary_title=\u00a0\u00bb\u00a0\u00bb hover_title=\u00a0\u00bb\u00a0\u00bb shape=\u00a0\u00bbsquare\u00a0\u00bb hover_btn_title=\u00a0\u00bbEn savoir +\u00a0\u00bb hover_btn_shape=\u00a0\u00bbsquare\u00a0\u00bb hover_btn_color=\u00a0\u00bbwhite\u00a0\u00bb hover_btn_align=\u00a0\u00bbcenter\u00a0\u00bb hover_add_button=\u00a0\u00bbtrue\u00a0\u00bb hover_btn_link=\u00a0\u00bburl:https%3A%2F%2Fgroupe-authenticity.com%2Findex.php%2Fimmobilier-neuf-st-malo%2Fimmobilier-dinard-le-clair-de-lune%2F|||\u00a0\u00bb]<\/p>\n<p style=\"text-align: justify;\">Lancement commercial : c\u2019est au c\u0153ur de la rue des \u00e9coles, \u00e0 la place de l\u2019ancienne \u00e9cole de musique que se<span class=\"Apple-converted-space\">\u00a0 <\/span>d\u00e9voile la r\u00e9sidence \u00ab Le Clair de Lune \u00bb. Une adresse d\u2019exception, pour vivre, investir, ou pour les vacances. Elle offre le cadre id\u00e9al pour profiter toute l\u2019ann\u00e9e du bord de mer, \u00e0 deux pas des commerces et services.<\/p>\n<p>[\/vc_hoverbox][\/vc_column][vc_column width=\u00a0\u00bb1\/3&Prime;][vc_custom_heading text=\u00a0\u00bbSponsoring\u00a0\u00bb font_container=\u00a0\u00bbtag:h2|font_size:15|text_align:center\u00a0\u00bb use_theme_fonts=\u00a0\u00bbyes\u00a0\u00bb][vc_hoverbox image=\u00a0\u00bb1303&Prime; primary_title=\u00a0\u00bb\u00a0\u00bb hover_title=\u00a0\u00bb\u00a0\u00bb shape=\u00a0\u00bbsquare\u00a0\u00bb hover_btn_title=\u00a0\u00bbEn savoir +\u00a0\u00bb hover_btn_shape=\u00a0\u00bbsquare\u00a0\u00bb hover_btn_color=\u00a0\u00bbwhite\u00a0\u00bb hover_btn_align=\u00a0\u00bbcenter\u00a0\u00bb hover_add_button=\u00a0\u00bbtrue\u00a0\u00bb hover_btn_link=\u00a0\u00bburl:http%3A%2F%2Fwww.mer-entreprendre.fr|||\u00a0\u00bb]Groupe Authenticity s&rsquo;engage aupr\u00e8s de BE RACING \u00ab\u00a0mer entreprendre\u00a0\u00bb\u00a0dans la mythique course de la Route du Rhum 2018[\/vc_hoverbox][\/vc_column][vc_column width=\u00a0\u00bb1\/3&Prime;][vc_custom_heading text=\u00a0\u00bbArticle OF &#8211; Juin 2018&Prime; font_container=\u00a0\u00bbtag:h2|font_size:15|text_align:center\u00a0\u00bb use_theme_fonts=\u00a0\u00bbyes\u00a0\u00bb link=\u00a0\u00bburl:https%3A%2F%2Fsaint-malo.maville.com%2Factu%2Factudet_-dinard.-l-ancienne-ecole-vendue-deux-fois-plus-chere-sur-internet_fil-3460588_actu.Htm|||\u00a0\u00bb][vc_hoverbox image=\u00a0\u00bb1269&Prime; primary_title=\u00a0\u00bb\u00a0\u00bb hover_title=\u00a0\u00bb\u00a0\u00bb shape=\u00a0\u00bbsquare\u00a0\u00bb hover_btn_title=\u00a0\u00bbLire l&rsquo;article\u00a0\u00bb hover_btn_shape=\u00a0\u00bbsquare\u00a0\u00bb hover_btn_color=\u00a0\u00bbwhite\u00a0\u00bb hover_btn_align=\u00a0\u00bbcenter\u00a0\u00bb hover_add_button=\u00a0\u00bbtrue\u00a0\u00bb hover_btn_link=\u00a0\u00bburl:https%3A%2F%2Fsaint-malo.maville.com%2Factu%2Factudet_-dinard.-l-ancienne-ecole-vendue-deux-fois-plus-chere-sur-internet_fil-3460588_actu.Htm|||\u00a0\u00bb]L\u2019ancienne \u00e9cole a \u00e9t\u00e9 vendue par la Ville de Dinard sur un site de vente aux ench\u00e8res destin\u00e9e aux collectivit\u00e9s.[\/vc_hoverbox][\/vc_column][\/vc_row][vc_row full_width=\u00a0\u00bbstretch_row_content\u00a0\u00bb][vc_column width=\u00a0\u00bb1\/3&Prime;][vc_custom_heading text=\u00a0\u00bbArticle OF &#8211; Avril 2018&Prime; font_container=\u00a0\u00bbtag:h2|font_size:15|text_align:center\u00a0\u00bb use_theme_fonts=\u00a0\u00bbyes\u00a0\u00bb link=\u00a0\u00bburl:https%3A%2F%2Fwww.ouest-france.fr%2Fbretagne%2Fdinard-35800%2Fles-hauts-de-sainte-anne-residence-haut-de-gamme-5671574|||\u00a0\u00bb][vc_hoverbox image=\u00a0\u00bb754&Prime; primary_title=\u00a0\u00bb\u00a0\u00bb hover_title=\u00a0\u00bb\u00a0\u00bb shape=\u00a0\u00bbsquare\u00a0\u00bb hover_btn_title=\u00a0\u00bbLire l&rsquo;article\u00a0\u00bb hover_btn_shape=\u00a0\u00bbsquare\u00a0\u00bb hover_btn_color=\u00a0\u00bbwhite\u00a0\u00bb hover_btn_align=\u00a0\u00bbcenter\u00a0\u00bb hover_add_button=\u00a0\u00bbtrue\u00a0\u00bb hover_btn_link=\u00a0\u00bburl:https%3A%2F%2Fwww.ouest-france.fr%2Fbretagne%2Fdinard-35800%2Fles-hauts-de-sainte-anne-residence-haut-de-gamme-5671574|||\u00a0\u00bb]Les premiers propri\u00e9taires ont pris possession de leur appartement, un des quatorze am\u00e9nag\u00e9s dans l&rsquo;ancienne \u00e9cole Sainte-Anne.[\/vc_hoverbox][\/vc_column][vc_column width=\u00a0\u00bb1\/3&Prime;][vc_custom_heading text=\u00a0\u00bbArticle OF &#8211; Juin 2016&Prime; font_container=\u00a0\u00bbtag:h2|font_size:15|text_align:center\u00a0\u00bb use_theme_fonts=\u00a0\u00bbyes\u00a0\u00bb link=\u00a0\u00bburl:https%3A%2F%2Fwww.ouest-france.fr%2Fbretagne%2Fdinard-35800%2Frue-emile-bara-les-travaux-commencent-enfin-4326247|||\u00a0\u00bb][vc_hoverbox image=\u00a0\u00bb1263&Prime; primary_title=\u00a0\u00bb\u00a0\u00bb hover_title=\u00a0\u00bb\u00a0\u00bb shape=\u00a0\u00bbsquare\u00a0\u00bb hover_btn_title=\u00a0\u00bbLire l&rsquo;article\u00a0\u00bb hover_btn_shape=\u00a0\u00bbsquare\u00a0\u00bb hover_btn_color=\u00a0\u00bbwhite\u00a0\u00bb hover_btn_align=\u00a0\u00bbcenter\u00a0\u00bb hover_add_button=\u00a0\u00bbtrue\u00a0\u00bb hover_btn_link=\u00a0\u00bburl:https%3A%2F%2Fwww.ouest-france.fr%2Fbretagne%2Fdinard-35800%2Frue-emile-bara-les-travaux-commencent-enfin-4326247|||\u00a0\u00bb]Fin 2017, une r\u00e9sidence de standing verra le jour dans l&rsquo;ancienne \u00e9cole Sainte-Anne. Quatorze appartements, de 60 \u00e0 150 m2.[\/vc_hoverbox][\/vc_column][vc_column width=\u00a0\u00bb1\/3&Prime;][vc_custom_heading text=\u00a0\u00bbArticle OF &#8211; Sept 2014&Prime; font_container=\u00a0\u00bbtag:h2|font_size:15|text_align:center\u00a0\u00bb use_theme_fonts=\u00a0\u00bbyes\u00a0\u00bb][vc_hoverbox image=\u00a0\u00bb1130&Prime; primary_title=\u00a0\u00bb\u00a0\u00bb hover_title=\u00a0\u00bb\u00a0\u00bb shape=\u00a0\u00bbsquare\u00a0\u00bb hover_btn_title=\u00a0\u00bbLire l&rsquo;article\u00a0\u00bb hover_btn_shape=\u00a0\u00bbsquare\u00a0\u00bb hover_btn_color=\u00a0\u00bbwhite\u00a0\u00bb hover_btn_align=\u00a0\u00bbcenter\u00a0\u00bb hover_add_button=\u00a0\u00bbtrue\u00a0\u00bb hover_btn_link=\u00a0\u00bburl:https%3A%2F%2Fwww.ouest-france.fr%2Fbretagne%2Fdinard-35800%2Fimmobilier-dinard-une-residence-de-standing-la-place-de-lecole-2826976|||\u00a0\u00bb]Onze grands appartements sont annonc\u00e9s au 24, rue \u00c9mile-Bara. Client\u00e8le vis\u00e9e ? Les seniors. Les b\u00e2timents anciens seront tous conserv\u00e9s et r\u00e9habilit\u00e9s.[\/vc_hoverbox][\/vc_column][\/vc_row][vc_row][vc_column][vc_empty_space height=\u00a0\u00bb150&Prime;][\/vc_column][\/vc_row]<\/p>\n","protected":false},"excerpt":{"rendered":"<p>[vc_row full_width=\u00a0\u00bbstretch_row_content_no_spaces\u00a0\u00bb content_placement=\u00a0\u00bbtop\u00a0\u00bb][vc_column][vc_single_image image=\u00a0\u00bb1161&Prime; img_size=\u00a0\u00bbfull\u00a0\u00bb alignment=\u00a0\u00bbcenter\u00a0\u00bb][\/vc_column][\/vc_row][vc_row full_width=\u00a0\u00bbstretch_row_content\u00a0\u00bb][vc_column][vc_column_text] ACTUALIT\u00c9\u00a0 GROUPE AUTHENTICITY [\/vc_column_text][vc_separator][vc_custom_heading text=\u00a0\u00bbNouveaux programmes immobiliers sur la C\u00f4te d&#8217;emeraude, sponsoring, salons, dispositifs fiscaux, vie de l&rsquo;entreprise\u2026 Le Groupe Authenticity partage avec vous toutes ses actualit\u00e9s !\u00a0\u00bb font_container=\u00a0\u00bbtag:h2|font_size:15|text_align:center|color:%23575656&Prime; use_theme_fonts=\u00a0\u00bbyes\u00a0\u00bb][vc_empty_space height=\u00a0\u00bb20&Prime;][\/vc_column][\/vc_row][vc_row full_width=\u00a0\u00bbstretch_row_content\u00a0\u00bb][vc_column width=\u00a0\u00bb1\/3&Prime;][vc_custom_heading text=\u00a0\u00bbDINARD : Lancement commercial !\u00a0\u00bb font_container=\u00a0\u00bbtag:h2|font_size:15|text_align:center\u00a0\u00bb use_theme_fonts=\u00a0\u00bbyes\u00a0\u00bb link=\u00a0\u00bburl:https%3A%2F%2Fgroupe-authenticity.com%2Findex.php%2Fimmobilier-neuf-st-malo%2Fimmobilier-dinard-le-clair-de-lune%2F|||\u00a0\u00bb][vc_hoverbox image=\u00a0\u00bb1465&Prime; primary_title=\u00a0\u00bb\u00a0\u00bb hover_title=\u00a0\u00bb\u00a0\u00bb shape=\u00a0\u00bbsquare\u00a0\u00bb hover_btn_title=\u00a0\u00bbEn savoir +\u00a0\u00bb [&hellip;]<\/p>\n","protected":false},"author":1,"featured_media":0,"parent":0,"menu_order":0,"comment_status":"closed","ping_status":"closed","template":"slider-template.php","meta":[],"yoast_head":"<!-- This site is optimized with the Yoast SEO plugin v19.9 - https:\/\/yoast.com\/wordpress\/plugins\/seo\/ -->\n<title>GROUPE AUTHENTICITY I Notre actualit\u00e9<\/title>\n<meta name=\"description\" content=\"Nouveaux programmes immobiliers sur la C\u00f4te d&#039;emeraude, sponsoring, salons, dispositifs fiscaux \u2026 Retrouvez ici toute l&#039;actualit\u00e9 Groupe Authenticity !\" \/>\n<meta name=\"robots\" content=\"index, follow, max-snippet:-1, max-image-preview:large, max-video-preview:-1\" \/>\n<link rel=\"canonical\" href=\"https:\/\/groupe-authenticity.com\/index.php\/actualite-groupe-authenticity\/\" \/>\n<meta property=\"og:locale\" content=\"fr_FR\" \/>\n<meta property=\"og:type\" content=\"article\" \/>\n<meta property=\"og:title\" content=\"GROUPE AUTHENTICITY I Notre actualit\u00e9\" \/>\n<meta property=\"og:description\" content=\"Nouveaux programmes immobiliers sur la C\u00f4te d&#039;emeraude, sponsoring, salons, dispositifs fiscaux \u2026 Retrouvez ici toute l&#039;actualit\u00e9 Groupe Authenticity !\" \/>\n<meta property=\"og:url\" content=\"https:\/\/groupe-authenticity.com\/index.php\/actualite-groupe-authenticity\/\" \/>\n<meta property=\"og:site_name\" content=\"Groupe Authenticity\" \/>\n<meta property=\"article:modified_time\" content=\"2019-08-27T09:42:01+00:00\" \/>\n<meta name=\"twitter:card\" content=\"summary_large_image\" \/>\n<meta name=\"twitter:label1\" content=\"Dur\u00e9e de lecture estim\u00e9e\" \/>\n\t<meta name=\"twitter:data1\" content=\"4 minutes\" \/>\n<script type=\"application\/ld+json\" class=\"yoast-schema-graph\">{\"@context\":\"https:\/\/schema.org\",\"@graph\":[{\"@type\":\"WebPage\",\"@id\":\"https:\/\/groupe-authenticity.com\/index.php\/actualite-groupe-authenticity\/\",\"url\":\"https:\/\/groupe-authenticity.com\/index.php\/actualite-groupe-authenticity\/\",\"name\":\"GROUPE AUTHENTICITY I Notre actualit\u00e9\",\"isPartOf\":{\"@id\":\"https:\/\/groupe-authenticity.com\/#website\"},\"datePublished\":\"2018-09-13T15:07:59+00:00\",\"dateModified\":\"2019-08-27T09:42:01+00:00\",\"description\":\"Nouveaux programmes immobiliers sur la C\u00f4te d'emeraude, sponsoring, salons, dispositifs fiscaux \u2026 Retrouvez ici toute l'actualit\u00e9 Groupe Authenticity !\",\"breadcrumb\":{\"@id\":\"https:\/\/groupe-authenticity.com\/index.php\/actualite-groupe-authenticity\/#breadcrumb\"},\"inLanguage\":\"fr-FR\",\"potentialAction\":[{\"@type\":\"ReadAction\",\"target\":[\"https:\/\/groupe-authenticity.com\/index.php\/actualite-groupe-authenticity\/\"]}]},{\"@type\":\"BreadcrumbList\",\"@id\":\"https:\/\/groupe-authenticity.com\/index.php\/actualite-groupe-authenticity\/#breadcrumb\",\"itemListElement\":[{\"@type\":\"ListItem\",\"position\":1,\"name\":\"Accueil\",\"item\":\"https:\/\/groupe-authenticity.com\/\"},{\"@type\":\"ListItem\",\"position\":2,\"name\":\"NOTRE ACTUALITE\"}]},{\"@type\":\"WebSite\",\"@id\":\"https:\/\/groupe-authenticity.com\/#website\",\"url\":\"https:\/\/groupe-authenticity.com\/\",\"name\":\"Groupe Authenticity\",\"description\":\"L&#039;immobilier sur-mesure\",\"potentialAction\":[{\"@type\":\"SearchAction\",\"target\":{\"@type\":\"EntryPoint\",\"urlTemplate\":\"https:\/\/groupe-authenticity.com\/?s={search_term_string}\"},\"query-input\":\"required name=search_term_string\"}],\"inLanguage\":\"fr-FR\"}]}<\/script>\n<!-- \/ Yoast SEO plugin. -->","yoast_head_json":{"title":"GROUPE AUTHENTICITY I Notre actualit\u00e9","description":"Nouveaux programmes immobiliers sur la C\u00f4te d'emeraude, sponsoring, salons, dispositifs fiscaux \u2026 Retrouvez ici toute l'actualit\u00e9 Groupe Authenticity !","robots":{"index":"index","follow":"follow","max-snippet":"max-snippet:-1","max-image-preview":"max-image-preview:large","max-video-preview":"max-video-preview:-1"},"canonical":"https:\/\/groupe-authenticity.com\/index.php\/actualite-groupe-authenticity\/","og_locale":"fr_FR","og_type":"article","og_title":"GROUPE AUTHENTICITY I Notre actualit\u00e9","og_description":"Nouveaux programmes immobiliers sur la C\u00f4te d'emeraude, sponsoring, salons, dispositifs fiscaux \u2026 Retrouvez ici toute l'actualit\u00e9 Groupe Authenticity !","og_url":"https:\/\/groupe-authenticity.com\/index.php\/actualite-groupe-authenticity\/","og_site_name":"Groupe Authenticity","article_modified_time":"2019-08-27T09:42:01+00:00","twitter_card":"summary_large_image","twitter_misc":{"Dur\u00e9e de lecture estim\u00e9e":"4 minutes"},"schema":{"@context":"https:\/\/schema.org","@graph":[{"@type":"WebPage","@id":"https:\/\/groupe-authenticity.com\/index.php\/actualite-groupe-authenticity\/","url":"https:\/\/groupe-authenticity.com\/index.php\/actualite-groupe-authenticity\/","name":"GROUPE AUTHENTICITY I Notre actualit\u00e9","isPartOf":{"@id":"https:\/\/groupe-authenticity.com\/#website"},"datePublished":"2018-09-13T15:07:59+00:00","dateModified":"2019-08-27T09:42:01+00:00","description":"Nouveaux programmes immobiliers sur la C\u00f4te d'emeraude, sponsoring, salons, dispositifs fiscaux \u2026 Retrouvez ici toute l'actualit\u00e9 Groupe Authenticity !","breadcrumb":{"@id":"https:\/\/groupe-authenticity.com\/index.php\/actualite-groupe-authenticity\/#breadcrumb"},"inLanguage":"fr-FR","potentialAction":[{"@type":"ReadAction","target":["https:\/\/groupe-authenticity.com\/index.php\/actualite-groupe-authenticity\/"]}]},{"@type":"BreadcrumbList","@id":"https:\/\/groupe-authenticity.com\/index.php\/actualite-groupe-authenticity\/#breadcrumb","itemListElement":[{"@type":"ListItem","position":1,"name":"Accueil","item":"https:\/\/groupe-authenticity.com\/"},{"@type":"ListItem","position":2,"name":"NOTRE ACTUALITE"}]},{"@type":"WebSite","@id":"https:\/\/groupe-authenticity.com\/#website","url":"https:\/\/groupe-authenticity.com\/","name":"Groupe Authenticity","description":"L&#039;immobilier sur-mesure","potentialAction":[{"@type":"SearchAction","target":{"@type":"EntryPoint","urlTemplate":"https:\/\/groupe-authenticity.com\/?s={search_term_string}"},"query-input":"required name=search_term_string"}],"inLanguage":"fr-FR"}]}},"_links":{"self":[{"href":"https:\/\/groupe-authenticity.com\/index.php\/wp-json\/wp\/v2\/pages\/1009"}],"collection":[{"href":"https:\/\/groupe-authenticity.com\/index.php\/wp-json\/wp\/v2\/pages"}],"about":[{"href":"https:\/\/groupe-authenticity.com\/index.php\/wp-json\/wp\/v2\/types\/page"}],"author":[{"embeddable":true,"href":"https:\/\/groupe-authenticity.com\/index.php\/wp-json\/wp\/v2\/users\/1"}],"replies":[{"embeddable":true,"href":"https:\/\/groupe-authenticity.com\/index.php\/wp-json\/wp\/v2\/comments?post=1009"}],"version-history":[{"count":39,"href":"https:\/\/groupe-authenticity.com\/index.php\/wp-json\/wp\/v2\/pages\/1009\/revisions"}],"predecessor-version":[{"id":1506,"href":"https:\/\/groupe-authenticity.com\/index.php\/wp-json\/wp\/v2\/pages\/1009\/revisions\/1506"}],"wp:attachment":[{"href":"https:\/\/groupe-authenticity.com\/index.php\/wp-json\/wp\/v2\/media?parent=1009"}],"curies":[{"name":"wp","href":"https:\/\/api.w.org\/{rel}","templated":true}]}}